{"id":2,"date":"2026-01-29T20:44:31","date_gmt":"2026-01-29T20:44:31","guid":{"rendered":"https:\/\/xn--aomistroni-o6a.com.br\/?page_id=2"},"modified":"2026-02-16T13:38:21","modified_gmt":"2026-02-16T13:38:21","slug":"aco-mistroni","status":"publish","type":"page","link":"https:\/\/xn--aomistroni-o6a.com.br\/","title":{"rendered":"A\u00e7o"},"content":{"rendered":"\t\t<div data-elementor-type=\"wp-page\" data-elementor-id=\"2\" class=\"elementor elementor-2\" data-elementor-post-type=\"page\">\n\t\t\t\t<div class=\"elementor-element elementor-element-a8422fa e-con-full e-flex wpr-particle-no wpr-jarallax-no wpr-parallax-no wpr-sticky-section-no e-con e-parent\" data-id=\"a8422fa\" data-element_type=\"container\">\n\t\t\t\t<div class=\"elementor-element elementor-element-6453e87 elementor-widget elementor-widget-image\" data-id=\"6453e87\" data-element_type=\"widget\" data-widget_type=\"image.default\">\n\t\t\t\t\t\t\t\t\t\t\t\t\t\t\t<img fetchpriority=\"high\" decoding=\"async\" width=\"1920\" height=\"500\" src=\"https:\/\/xn--aomistroni-o6a.com.br\/wp-content\/uploads\/2026\/01\/banner-mistroni-home.jpg\" class=\"attachment-2048x2048 size-2048x2048 wp-image-60\" alt=\"\" srcset=\"https:\/\/xn--aomistroni-o6a.com.br\/wp-content\/uploads\/2026\/01\/banner-mistroni-home.jpg 1920w, https:\/\/xn--aomistroni-o6a.com.br\/wp-content\/uploads\/2026\/01\/banner-mistroni-home-300x78.jpg 300w, https:\/\/xn--aomistroni-o6a.com.br\/wp-content\/uploads\/2026\/01\/banner-mistroni-home-1024x267.jpg 1024w, https:\/\/xn--aomistroni-o6a.com.br\/wp-content\/uploads\/2026\/01\/banner-mistroni-home-768x200.jpg 768w, https:\/\/xn--aomistroni-o6a.com.br\/wp-content\/uploads\/2026\/01\/banner-mistroni-home-1536x400.jpg 1536w\" sizes=\"(max-width: 1920px) 100vw, 1920px\" \/>\t\t\t\t\t\t\t\t\t\t\t\t\t\t\t<\/div>\n\t\t\t\t<\/div>\n\t\t<div class=\"elementor-element elementor-element-7c117b8 e-flex e-con-boxed wpr-particle-no wpr-jarallax-no wpr-parallax-no wpr-sticky-section-no e-con e-parent\" data-id=\"7c117b8\" data-element_type=\"container\" data-settings=\"{&quot;background_background&quot;:&quot;classic&quot;}\">\n\t\t\t\t\t<div class=\"e-con-inner\">\n\t\t<div class=\"elementor-element elementor-element-c59704c e-con-full e-flex wpr-particle-no wpr-jarallax-no wpr-parallax-no wpr-sticky-section-no e-con e-child\" data-id=\"c59704c\" data-element_type=\"container\" data-settings=\"{&quot;background_background&quot;:&quot;classic&quot;}\">\n\t\t\t\t<div class=\"elementor-element elementor-element-e95adab elementor-widget elementor-widget-image\" data-id=\"e95adab\" data-element_type=\"widget\" data-widget_type=\"image.default\">\n\t\t\t\t\t\t\t\t\t\t\t\t\t\t\t<img decoding=\"async\" width=\"1536\" height=\"1024\" src=\"https:\/\/xn--aomistroni-o6a.com.br\/wp-content\/uploads\/2026\/01\/bobina_de_aco_galvanizadoo.png\" class=\"attachment-1536x1536 size-1536x1536 wp-image-77\" alt=\"\" srcset=\"https:\/\/xn--aomistroni-o6a.com.br\/wp-content\/uploads\/2026\/01\/bobina_de_aco_galvanizadoo.png 1536w, https:\/\/xn--aomistroni-o6a.com.br\/wp-content\/uploads\/2026\/01\/bobina_de_aco_galvanizadoo-300x200.png 300w, https:\/\/xn--aomistroni-o6a.com.br\/wp-content\/uploads\/2026\/01\/bobina_de_aco_galvanizadoo-1024x683.png 1024w, https:\/\/xn--aomistroni-o6a.com.br\/wp-content\/uploads\/2026\/01\/bobina_de_aco_galvanizadoo-768x512.png 768w\" sizes=\"(max-width: 1536px) 100vw, 1536px\" \/>\t\t\t\t\t\t\t\t\t\t\t\t\t\t\t<\/div>\n\t\t\t\t<\/div>\n\t\t<div class=\"elementor-element elementor-element-c3e7a73 e-con-full e-flex wpr-particle-no wpr-jarallax-no wpr-parallax-no wpr-sticky-section-no e-con e-child\" data-id=\"c3e7a73\" data-element_type=\"container\">\n\t\t<div class=\"elementor-element elementor-element-632bf6d e-con-full e-flex wpr-particle-no wpr-jarallax-no wpr-parallax-no wpr-sticky-section-no e-con e-child\" data-id=\"632bf6d\" data-element_type=\"container\">\n\t\t\t\t<div class=\"elementor-element elementor-element-c5ade85 elementor-widget elementor-widget-heading\" data-id=\"c5ade85\" data-element_type=\"widget\" data-widget_type=\"heading.default\">\n\t\t\t\t\t<h2 class=\"elementor-heading-title elementor-size-default\">BOBINA DE A\u00c7O GALVANIZADO \/ GALVALUME<\/h2>\t\t\t\t<\/div>\n\t\t\t\t<div class=\"elementor-element elementor-element-03c5edc elementor-widget elementor-widget-text-editor\" data-id=\"03c5edc\" data-element_type=\"widget\" data-widget_type=\"text-editor.default\">\n\t\t\t\t\t\t\t\t\t<blockquote data-start=\"24\" data-end=\"697\"><p data-start=\"106\" data-end=\"416\">As Bobinas de A\u00e7o Galvanizado e Galvalume oferecem alta resist\u00eancia, durabilidade e excelente performance em aplica\u00e7\u00f5es industriais e estruturais. Produzidas com revestimentos protetores de zinco (galvanizado) ou liga alum\u00ednio-zinco (galvalume), garantem forte prote\u00e7\u00e3o contra corros\u00e3o, oxida\u00e7\u00e3o e intemp\u00e9ries.<\/p><p data-start=\"418\" data-end=\"631\">Ideais para quem busca um material leve, vers\u00e1til e com vida \u00fatil prolongada, essas bobinas s\u00e3o amplamente utilizadas em coberturas, fachadas, calhas, dutos, pain\u00e9is e diversos processos de transforma\u00e7\u00e3o met\u00e1lica.<\/p><\/blockquote>\t\t\t\t\t\t\t\t<\/div>\n\t\t\t\t<div class=\"elementor-element elementor-element-e40716b elementor-widget elementor-widget-heading\" data-id=\"e40716b\" data-element_type=\"widget\" data-widget_type=\"heading.default\">\n\t\t\t\t\t<h2 class=\"elementor-heading-title elementor-size-default\">Principais Benef\u00edcios<\/h2>\t\t\t\t<\/div>\n\t\t\t\t<div class=\"elementor-element elementor-element-5757011 elementor-widget elementor-widget-text-editor\" data-id=\"5757011\" data-element_type=\"widget\" data-widget_type=\"text-editor.default\">\n\t\t\t\t\t\t\t\t\t<ul><li data-start=\"661\" data-end=\"690\">Alta resist\u00eancia \u00e0 corros\u00e3o<\/li><li data-start=\"693\" data-end=\"741\">Excelente durabilidade em ambientes agressivos<\/li><li data-start=\"744\" data-end=\"791\">Versatilidade para conforma\u00e7\u00e3o, corte e dobra<\/li><li data-start=\"794\" data-end=\"837\">Acabamento uniforme e padr\u00e3o de qualidade<\/li><li data-start=\"840\" data-end=\"871\">\u00d3tima rela\u00e7\u00e3o custo-benef\u00edcio<\/li><\/ul>\t\t\t\t\t\t\t\t<\/div>\n\t\t\t\t<div class=\"elementor-element elementor-element-768c53f elementor-widget elementor-widget-heading\" data-id=\"768c53f\" data-element_type=\"widget\" data-widget_type=\"heading.default\">\n\t\t\t\t\t<h2 class=\"elementor-heading-title elementor-size-default\">Aplica\u00e7\u00f5es<\/h2>\t\t\t\t<\/div>\n\t\t\t\t<div class=\"elementor-element elementor-element-d56c5c6 elementor-widget elementor-widget-text-editor\" data-id=\"d56c5c6\" data-element_type=\"widget\" data-widget_type=\"text-editor.default\">\n\t\t\t\t\t\t\t\t\t<ul><li>Constru\u00e7\u00e3o civil<\/li><li>Ind\u00fastria metal\u00fargica<\/li><li>Coberturas e fechamentos laterais<\/li><li>Dutos, calhas e rufos<\/li><li>Pain\u00e9is e estruturas met\u00e1licas<\/li><\/ul>\t\t\t\t\t\t\t\t<\/div>\n\t\t<div class=\"elementor-element elementor-element-83f0fc9 e-con-full e-flex wpr-particle-no wpr-jarallax-no wpr-parallax-no wpr-sticky-section-no e-con e-child\" data-id=\"83f0fc9\" data-element_type=\"container\">\n\t\t\t\t<div class=\"elementor-element elementor-element-8ef11ea elementor-widget elementor-widget-html\" data-id=\"8ef11ea\" data-element_type=\"widget\" data-settings=\"{&quot;_animation&quot;:&quot;none&quot;}\" data-widget_type=\"html.default\">\n\t\t\t\t\t<div class=\"table-wrapper\">\r\n<table>\r\n    <thead>\r\n        <tr style=\"background-color: #F37409;\">\r\n            <th rowspan=\"2\" style=\"color: #FFFF\" style=\"font-size: 14px; vertical-align: middle;\">Espessura (mm)<\/th>\r\n            <th rowspan=\"2\" style=\"color: #FFFF\" style=\"font-size: 14px; vertical-align: middle;\">Largura (mm)<\/th>\r\n          \r\n        <\/tr>\r\n    <\/thead>\r\n    <tbody>\r\n        <tr style=\"color: #FFFFFF; vertical-align: middle\">\r\n            <td style=\"background-color: #272626;\">0,30 - 1,55<\/td>\r\n            <td style=\"background-color: #272626;\">600 - 1.200<\/td>\r\n       \r\n        <\/tr>\r\n        \r\n        \r\n    <\/tbody>\r\n    \r\n    \r\n<\/table>\r\n<\/div>\t\t\t\t<\/div>\n\t\t\t\t<\/div>\n\t\t\t\t<\/div>\n\t\t\t\t<\/div>\n\t\t\t\t\t<\/div>\n\t\t\t\t<\/div>\n\t\t\t\t<\/div>\n\t\t","protected":false},"excerpt":{"rendered":"<p>BOBINA DE A\u00c7O GALVANIZADO \/ GALVALUME As Bobinas de A\u00e7o Galvanizado e Galvalume oferecem alta resist\u00eancia, durabilidade e excelente performance em aplica\u00e7\u00f5es industriais e estruturais. Produzidas com revestimentos protetores de zinco (galvanizado) ou liga alum\u00ednio-zinco (galvalume), garantem forte prote\u00e7\u00e3o contra corros\u00e3o, oxida\u00e7\u00e3o e intemp\u00e9ries. Ideais para quem busca um material leve, vers\u00e1til e com vida \u00fatil prolongada, essas bobinas s\u00e3o amplamente utilizadas em coberturas, fachadas, calhas, dutos, pain\u00e9is e diversos processos de transforma\u00e7\u00e3o met\u00e1lica. Principais Benef\u00edcios Alta resist\u00eancia \u00e0 corros\u00e3o Excelente durabilidade em ambientes agressivos Versatilidade para conforma\u00e7\u00e3o, corte e dobra Acabamento uniforme e padr\u00e3o de qualidade \u00d3tima rela\u00e7\u00e3o custo-benef\u00edcio Aplica\u00e7\u00f5es Constru\u00e7\u00e3o civil Ind\u00fastria metal\u00fargica Coberturas e fechamentos laterais Dutos, calhas e rufos Pain\u00e9is e estruturas met\u00e1licas Espessura (mm) Largura (mm) 0,30 &#8211; 1,55 600 &#8211; 1.200<\/p>\n","protected":false},"author":1,"featured_media":0,"parent":0,"menu_order":0,"comment_status":"closed","ping_status":"closed","template":"elementor_canvas","meta":{"footnotes":""},"class_list":["post-2","page","type-page","status-publish","hentry"],"_links":{"self":[{"href":"https:\/\/xn--aomistroni-o6a.com.br\/index.php\/wp-json\/wp\/v2\/pages\/2","targetHints":{"allow":["GET"]}}],"collection":[{"href":"https:\/\/xn--aomistroni-o6a.com.br\/index.php\/wp-json\/wp\/v2\/pages"}],"about":[{"href":"https:\/\/xn--aomistroni-o6a.com.br\/index.php\/wp-json\/wp\/v2\/types\/page"}],"author":[{"embeddable":true,"href":"https:\/\/xn--aomistroni-o6a.com.br\/index.php\/wp-json\/wp\/v2\/users\/1"}],"replies":[{"embeddable":true,"href":"https:\/\/xn--aomistroni-o6a.com.br\/index.php\/wp-json\/wp\/v2\/comments?post=2"}],"version-history":[{"count":13,"href":"https:\/\/xn--aomistroni-o6a.com.br\/index.php\/wp-json\/wp\/v2\/pages\/2\/revisions"}],"predecessor-version":[{"id":103,"href":"https:\/\/xn--aomistroni-o6a.com.br\/index.php\/wp-json\/wp\/v2\/pages\/2\/revisions\/103"}],"wp:attachment":[{"href":"https:\/\/xn--aomistroni-o6a.com.br\/index.php\/wp-json\/wp\/v2\/media?parent=2"}],"curies":[{"name":"wp","href":"https:\/\/api.w.org\/{rel}","templated":true}]}}